{"id":10,"date":"2006-01-02T20:25:25","date_gmt":"2006-01-02T19:25:25","guid":{"rendered":"http:\/\/amigosdaterra.net\/info\/cooperacion\/?page_id=10"},"modified":"2006-05-08T12:44:38","modified_gmt":"2006-05-08T11:44:38","slug":"sensibilizacion","status":"publish","type":"page","link":"https:\/\/amigosdaterra.net\/info\/cooperacion\/?page_id=10","title":{"rendered":"Sensibilizaci\u00f3n"},"content":{"rendered":"<p><strong>Xornadas itinerantes de sensibilizaci\u00f3n: \u201cEnfoque de sostibilidade, chave para os proxectos de cooperaci\u00f3n \u00f3 desenvolvemento\u201d<\/strong><\/p>\n<p>Acadar o desenvolvemento sostible \u00e9 un asunto mundial e \u00e9 fundamental que sexa comprendido pola sociedade en xeral. A\u00ednda que as acci\u00f3ns e os \u00e9xitos nacionais son importantes, s\u00f3 poden ser contemplados como contribuci\u00f3ns parciais \u00f3 problema mundial.<\/p>\n<p><img decoding=\"async\" alt=\"Pave the way\" src=\"http:\/\/www.amigosdaterra.net\/info\/cooperacion\/wp-content\/info\/images\/04-01_Pave-the-way-en-mende.jpg\" \/><\/p>\n<p>O desenvolvemento sostible precisa dunha ampla base de apoio e converterse nunha preocupaci\u00f3n xeral. A resoluci\u00f3n deste problema non debe deixarse somentes en mans dos grupos especializados. Haber\u00e1 que desenvolver estratexias para buscar soluci\u00f3ns que incl\u00faan o m\u00e1is amplo grupo posible de persoas. Un dos desaf\u00edos m\u00e1is importantes que afrontan quen traballan polos cambios de atitude e pola educaci\u00f3n sobre o desenvolvemento sostible \u00e9 asegurarse de que non \u00e9 percibido somentes coma un asunto do medio ambiente.<\/p>\n<p>De maneira que a idea de sostibilidade implica o bo uso dos recursos humanos e naturais. Deste xeito, o que se persegue co desenvolvemento non \u00e9 o crecemento econ\u00f3mico ilimitado, sen\u00f3n a elevaci\u00f3n dos indicadores de calidade de vida, a trav\u00e9s da correta xesti\u00f3n de ditos recursos para garantir un presente e un futuro no que os seres humanos poidan vivir con plenitude e equilibrio co medio ambiente.<\/p>\n<p>Nun contexto global, o uso sostible dos recursos no Sur, exportador de materias primas, est\u00e1 intimamente vinculado \u00f3s patr\u00f3ns de consumo das persoas que viven no Norte.<\/p>\n<p>Por isto debemos traballar polo desenvolvemento sostible tam\u00e9n os pa\u00edses \u201cricos\u201d ou \u201cindustrializados\u201d, favorecendo un cambio de atitude e comportamento nesta direci\u00f3n. De cot\u00edo empr\u00e9ganse moi poucos recursos para divulgar no norte a problem\u00e1tica do sur e para sensibilizar \u00e1 poboaci\u00f3n \u00f3 respeto. Por iso \u00e9 importante que en cada proxecto sempre haxa partida \u00e1 educaci\u00f3n para o desenvolvemento e \u00e1 sensibilizaci\u00f3n social no noso pa\u00eds.<\/p>\n<p><img decoding=\"async\" alt=\"Sensibilizaci\u00f3n\" src=\"http:\/\/www.amigosdaterra.net\/info\/cooperacion\/wp-content\/info\/images\/04-01_Cooperacion.jpg\" \/><\/p>\n<p>Foi por iso que Amigos da Terra se plantexou a realizaci\u00f3n dunhas xornadas itinerantes sobre cooperaci\u00f3n con enfoque medioambiental para chegar \u00f3 maior n\u00famero posible de persoas, e que fosen de todos os niveis, para poder lograr ese cambio de atitude que tanto est\u00e1 esixindo o mundo actual e sobre todo os que o que o padecen, que son os pa\u00edses m\u00e1is vulnerables \u00f3s problemas de hoxe en d\u00eda, como a pobreza, a fame, a explotaci\u00f3n dos recursos naturais, etc.\u00a0 Dende o punto de vista de Amigos da Terra pensamos que \u00e9 necesario que a xente dos pa\u00edses desenvolvidos se persoe e se decate que tam\u00e9n son corresponsables do modelo de desenvolvemento actual, que trae consigo situaci\u00f3ns de desigualdade e que nos leva a consumir m\u00e1is recursos dos que deber\u00edamos.<\/p>\n<p>O Obxectivo principal do proxecto era sensibilizar a diferentes grupos sociais de Galicia, a trav\u00e9s dos distintos proxectos de cooperaci\u00f3n que Amigos da Terra ten realizado en Latinoam\u00e9rica co enfoque medioambiental e integral (desenvolvemento social, econ\u00f3mico e ambiental) que nos caracteriza, ademais presentabamos o comercio xusto coma unha alternativa de cooperaci\u00f3n local, a trav\u00e9s de explicar en que consist\u00eda este tipo de comercio, os seus obxectivos e onde pod\u00edamos atopalo, as\u00ed como degustaci\u00f3n de produtos, para acercar \u00e1 xente \u00e1 calidade dos mesmos, deste xeito logramos favorecer un cambio de atitude e comportamento cara \u00f3s pa\u00edses empobrecidos.<\/p>\n<p>Realiz\u00e1ronse 34 charlas dirixidas a diferentes grupos sociais, Casa da Xuventude, Centros sociais, Universidades, Institutos, Colexios, Deputaci\u00f3ns, terceira idade, discapacitados e \u00f3 p\u00fablico en xeral. As cidades participantes: Ourense, Ribadavia, Allariz, Boiro, Redondela, Santa Cristina (Coru\u00f1a), Xinzo de Limia, Monforte de Lemos, Carballi\u00f1o, Maceda, Arz\u00faa, Santiago, Ver\u00edn, Lal\u00edn, Barco de Valdeorras, Celanova, Cea, A Estrada, Ponteareas, o total de persoas asistentes \u00e1s charlas foi de 500 cunha media por charla de 10 persoas. A din\u00e1mica que se empregaba era presentar a Amigos da Terra, as s\u00faas \u00e1reas de traballo e sobre todo enfocar porque \u00e9 importante a \u00e1rea de cooperaci\u00f3n, porque se Amigos da Terra se diferencia doutras ONG\u00b4s \u00e9 en canto \u00e1 li\u00f1a ambiental que introduce nos seus proxectos, como facer a cooperaci\u00f3n para que sexa efectiva e como cambiar o modelo de desenvolvemento actual que permite que existan tantas desigualdades. Ademais presentabamos o comercio xusto como unha alternativa de cooperaci\u00f3n local e degustaci\u00f3n de produtos.<\/p>\n<p>Coloc\u00e1ronse mesas informativas na r\u00faa do paseo de Ourense, onde ti\u00f1amos a oportunidade de informar \u00e1 xente sobre cooperaci\u00f3n e sobre comercio xusto e facer degustaci\u00f3ns.<\/p>\n<p><img decoding=\"async\" alt=\"Documento PDF\" src=\"http:\/\/amigosdaterra.net\/info\/cooperacion\/wp-content\/themes\/cooperacion\/images\/icon_win_PDF-01.png\" \/><a target=\"_blank\" href=\"http:\/\/www.amigosdaterra.net\/info\/cooperacion\/wp-content\/info\/arquivos\/04-01_sensibilizacion.pdf\">Documento Paneis de Sensibilizaci\u00f3n PDF 3.49 MB<\/a><br \/>\n<img decoding=\"async\" alt=\"Documento PDF\" src=\"http:\/\/amigosdaterra.net\/info\/cooperacion\/wp-content\/themes\/cooperacion\/images\/icon_win_PDF-01.png\" \/><a target=\"_blank\" href=\"http:\/\/www.amigosdaterra.net\/info\/cooperacion\/wp-content\/info\/arquivos\/01_cooperacion_Adt-02.pdf\">Documento Cuadr\u00edptico Cooperaci\u00f3n en Amigos da Terra PDF 334 KB<\/a><\/p>\n","protected":false},"excerpt":{"rendered":"<p>Xornadas itinerantes de sensibilizaci\u00f3n: \u201cEnfoque de sostibilidade, chave para os proxectos de cooperaci\u00f3n \u00f3 desenvolvemento\u201d Acadar o desenvolvemento sostible \u00e9 un asunto mundial e \u00e9 fundamental que sexa comprendido pola sociedade en xeral. A\u00ednda que as acci\u00f3ns e os \u00e9xitos nacionais son importantes, s\u00f3 poden ser contemplados como contribuci\u00f3ns parciais \u00f3 problema mundial. O desenvolvemento [&hellip;]<\/p>\n","protected":false},"author":1,"featured_media":0,"parent":9,"menu_order":0,"comment_status":"closed","ping_status":"closed","template":"","meta":{"footnotes":""},"class_list":["post-10","page","type-page","status-publish","hentry"],"jetpack_sharing_enabled":true,"_links":{"self":[{"href":"https:\/\/amigosdaterra.net\/info\/cooperacion\/index.php?rest_route=\/wp\/v2\/pages\/10","targetHints":{"allow":["GET"]}}],"collection":[{"href":"https:\/\/amigosdaterra.net\/info\/cooperacion\/index.php?rest_route=\/wp\/v2\/pages"}],"about":[{"href":"https:\/\/amigosdaterra.net\/info\/cooperacion\/index.php?rest_route=\/wp\/v2\/types\/page"}],"author":[{"embeddable":true,"href":"https:\/\/amigosdaterra.net\/info\/cooperacion\/index.php?rest_route=\/wp\/v2\/users\/1"}],"replies":[{"embeddable":true,"href":"https:\/\/amigosdaterra.net\/info\/cooperacion\/index.php?rest_route=%2Fwp%2Fv2%2Fcomments&post=10"}],"version-history":[{"count":0,"href":"https:\/\/amigosdaterra.net\/info\/cooperacion\/index.php?rest_route=\/wp\/v2\/pages\/10\/revisions"}],"up":[{"embeddable":true,"href":"https:\/\/amigosdaterra.net\/info\/cooperacion\/index.php?rest_route=\/wp\/v2\/pages\/9"}],"wp:attachment":[{"href":"https:\/\/amigosdaterra.net\/info\/cooperacion\/index.php?rest_route=%2Fwp%2Fv2%2Fmedia&parent=10"}],"curies":[{"name":"wp","href":"https:\/\/api.w.org\/{rel}","templated":true}]}}