{"id":102,"date":"2007-08-27T09:50:06","date_gmt":"2007-08-27T08:50:06","guid":{"rendered":"http:\/\/amigosdaterra.net\/info\/cooperacion\/?page_id=102"},"modified":"2007-08-27T11:35:25","modified_gmt":"2007-08-27T10:35:25","slug":"cosiguina-nicaragua","status":"publish","type":"page","link":"https:\/\/amigosdaterra.net\/info\/cooperacion\/?page_id=102","title":{"rendered":"Cosig\u00fcina Nicaragua"},"content":{"rendered":"<p><strong>Mellora da capacidade dos pescadores artesanais para a produci\u00f3n e comercializaci\u00f3n de produtos mari\u00f1o costeiros na pen\u00ednsula de Cosig\u00fcina Nicaragua.<\/strong><\/p>\n<p><strong><u>Antecedentes:<br \/>\n<\/u><\/strong><strong><br \/>\n<\/strong>Nicaragua, Honduras e O Salvador compromet\u00e9ronse co desenvolvemento sostible do Golfo de Fonseca, no marco da Comisi\u00f3n Centroamericana de Ambiente e Desenvolvemento (CCAD), co obxectivo de incrementar esforzos no Golfo de Fonseca. Ata o momento esta preocupaci\u00f3n non significou un maior compromiso dos pa\u00edses, polas limitadas capacidades institucionais e pola priorizaci\u00f3n de intervenci\u00f3ns noutras rexi\u00f3ns.<\/p>\n<p>O Golfo de Fonseca \u00e9 identificado como un \u00e1rea prioritaria no que se refire ao desenvolvemento de acci\u00f3ns de conservaci\u00f3n dos seus ecosistemas desde a d\u00e9cada dos 70&#8243;. Non \u00e9 sen\u00f3n ata 1993, tras o surximento do instrumento normativo &#8220;Convenio para a Conservaci\u00f3n da Biodiversidade e Protecci\u00f3n de \u00c1reas Silvestres Prioritarias en Am\u00e9rica Central&#8221;, cando se establece como \u00e1rea prioritaria de traballo no \u00e1mbito rexional e se mandata a creaci\u00f3n dun efectivo corredor biol\u00f3xico no Golfo de Fonseca.<\/p>\n<p>No ano 2000 d\u00e1se inicio ao programa Corredor Biol\u00f3xico Mesoamericano da CCAD; o Golfo xoga un papel prioritario por ser considerado unha das zonas claves para o desenvolvemento Mesoamericano e posuidor dunha ampla diversidade de especies e ecosistemas. A zona do Golfo de Fonseca \u00e9 un corredor biol\u00f3xico natural, e por revestir tal importancia ambiental, social e econ\u00f3mica desenvolveuse al\u00ed a iniciativa trinacional co\u00f1ecida como &#8220;Corredor Biol\u00f3xico do Golfo de Fonseca&#8221;, que cobre unha superficie aproximada de 437,084 hect\u00e1reas, compartida por Nicaragua, Honduras e O Salvador.<\/p>\n<p>Desde o ano 1998, Fundaci\u00f3n Loitadores integrados ao desenvolvemento da rexi\u00f3n (LIDER) executa proxectos de conservaci\u00f3n e desenvolvemento rural na Pen\u00ednsula de Cosig\u00fcina, o que supuxo unha interacci\u00f3n moi forte entre a ONG e as 18 comunidades da zona. En decembro do 2001 o Sistema Nacional de \u00c1reas Protexidas (SINAP\/MARENA) cedeu en co-manexo \u00e1 Fundaci\u00f3n LIDER, baixo resoluci\u00f3n ministerial 19 &#8211; 2001 e convenio asinado por 10 anos a partir de decembro do 2001.<\/p>\n<p>Desde o ano 2003, Amigos da Terra desenvolveu actividades en \u00e1reas dos tres pa\u00edses do Golfo de Fonseca, centrando a s\u00faa preocupaci\u00f3n no desenvolvemento sostible e a reduci\u00f3n da pobreza das comunidades m\u00e1is vulnerables dos municipios costeiros desta rexi\u00f3n. O presente proxecto forma parte dunha estratexia de mediano prazo de Amigos da Terra e os socios locais dos tres pa\u00edses, Nicaragua, Honduras e O Salvador.<\/p>\n<p>Un hito importante nos \u00faltimos anos e que reforzou a visi\u00f3n integral desta rexi\u00f3n foi a reactivaci\u00f3n durante o ano 2005 da Asociaci\u00f3n Civil Trinacional do Golfo de Fonseca (ACTRIGOLFO); neste proceso Amigos da Terra acompa\u00f1ou aos socios locais deste proxecto, LIDER e CODECA, e outras organizaci\u00f3ns do Salvador, Honduras e Nicaragua preocupadas polo desenvolvemento sostible no Golfo de Fonseca (SELVA, ASIGOLFO, ASDI, CODEFAGOLFF, FUNDE, APAGOLF, etc.). Este espazo da sociedade civil para a coordinaci\u00f3n de axendas ambientais e de desenvolvemento do Golfo de Fonseca foi animado e impulsado nestes dous anos por Amigos da Terra.<\/p>\n<p><strong><u>Identificaci\u00f3n da Problem\u00e1tica:<\/u><\/strong><\/p>\n<p>A Pen\u00ednsula de Cosig\u00fcina \u00e9 unha \u00e1rea que ten unha heteroxeneidade ecol\u00f3xica natural, que unido \u00e1 vantaxosa posici\u00f3n xeogr\u00e1fica que ocupa, ofrece un alto potencial para a diversificaci\u00f3n das actividades socioecon\u00f3micas. A baixa capacidade de investimento de capital e servizos de parte das instituci\u00f3ns do estado, obedece \u00e1 falta de co\u00f1ecemento e valorizaci\u00f3n do potencial natural da \u00e1rea en materia agropecuaria, forestal, vida silvestre, turismo e recreaci\u00f3n que presenta a \u00e1rea.<br \/>\nA ausencia de cr\u00e9ditos e financiamiento para as actividades socioecon\u00f3micas como a pesca artesanal, radica principalmente en que a maior\u00eda dos pescadores, cooperados ou non, da zona carecen de equipos e recursos econ\u00f3micos para a actividade, os cales son un dos requisitos b\u00e1sicos para obter financiaci\u00f3n. Polo que se fai necesario mellorar os sistemas de produci\u00f3n e desenvolver infraestruturas de provisi\u00f3n e comercializaci\u00f3n.<\/p>\n<p><img decoding=\"async\" alt=\"cosiguina-nicaragua_01.jpg\" id=\"image106\" src=\"http:\/\/amigosdaterra.net\/info\/cooperacion\/wp-content\/uploads\/2007\/08\/cosiguina-nicaragua_01.jpg\" \/><\/p>\n<p><strong> <\/strong><\/p>\n<p>A falta de programas institucionais na zona, contrib\u00fae a procesos de degradaci\u00f3n dos ecosistemas produtivos, principalmente coa destruci\u00f3n da cobertura vexetal natural, aum\u00e9ntase a erosi\u00f3n e con iso a turbidez das augas que reduce a vida mari\u00f1a costeira, reducindo a extracci\u00f3n.<br \/>\nA presenza de praias, ecosistemas de manglares, boas zonas de pesca e a s\u00faa posici\u00f3n xeogr\u00e1fica con influencia tri-nacional ademais do nivel de organizaci\u00f3n local fan da Pen\u00ednsula de Cosig\u00fcina un territorio cunha alta potencialidade para a diversificaci\u00f3n das actividades de pesca para a exportaci\u00f3n, consumo local e autoconsumo, os que mellorar\u00eda as condici\u00f3ns socioecon\u00f3micas.<\/p>\n<p>A conxugaci\u00f3n ampla dos ecosistemas mari\u00f1os e de estuarios do Estero Pai Ramos e o curso baixo do Estero Real (este \u00faltimo o m\u00e1is grande de Centroam\u00e9rica), que bordean a Pen\u00ednsula de Cosig\u00fcina, asociados a bosques de manglares ricos en recursos pesqueiros, converten a Pen\u00ednsula nun territorio moi atractivo para actividades de investimento en temas pesqueiros e promover o desenvolvemento Sostible.<\/p>\n<p>A \u00e1rea cos seus promisorias potencialidades naturais e vantaxes territoriais, est\u00e1 destinada a xogar un papel relevante no desenvolvemento socioecon\u00f3mico do municipio &#8220;El Viejo&#8221;, polo que urxe a execuci\u00f3n deste Proxecto como unha estratexia de conservaci\u00f3n para o Desenvolvemento Sostible que mellore as condici\u00f3ns de vida da poboaci\u00f3n local e oriente o aproveitamento ordenado e permanente dos seus ecosistemas naturais, ademais que potencie outras acci\u00f3ns orientadas ao saneamento b\u00e1sico da contorna natural e \u00e1 obtenci\u00f3n de ingresos que poidan servir para refinanciar a actividade pesqueira (Ex. Produci\u00f3n de fari\u00f1a de peixe, a partir dos refugallos da pesca)<\/p>\n<p><strong><u>Localizaci\u00f3n do Proxecto:<\/u><\/strong><\/p>\n<p>Dentro da rexi\u00f3n pac\u00edfica, seca, volc\u00e1nica de Centroam\u00e9rica at\u00f3pase o Golfo de Fonseca. \u00c9 un sistema estuarino tropical cuxo centro situase nas coordenadas 13\u00ba 10&#8242; latitude norte e 87\u00ba 40&#8242; lonxitude oeste.<\/p>\n<p>A Pen\u00ednsula do Cosig\u00fcina, onde se desenvolver\u00e1 en proxecto, pertence ao municipio do Vello, at\u00f3pase localizada no extremo nor-occidental do pa\u00eds, entre as latitudes 12\u00ba 43&#8242; e 13\u00ba 06&#8242; norte entre a lonxitude 87\u00ba 21&#8242; e 87\u00ba42&#8221; oeste. Limita ao norte co Golfo de Fonseca e o Estero Real, ao oeste e sur co Oc\u00e9ano Pac\u00edfico e ao este coas lomas de Boa Vista.<\/p>\n<p>A Reserva Natural Volc\u00e1n Cosig\u00fcina est\u00e1 situada no Municipio &#8220;El Viejo&#8221; no Departamento de Chinandega, Nicaragua. \u00c9 co-manexada pola ONG Loitadores Integrados ao Desenvolvemento da Rexi\u00f3n (LIDER) a trav\u00e9s dunha concesi\u00f3n de dez anos outorgada polo Ministerio do Ambiente e os Recursos Naturais (MARENA).<br \/>\nNa \u00e1rea Protexida at\u00f3panse inclu\u00eddas d\u00faas zonas de manexo que son de moita importancia para a conservaci\u00f3n do recurso pesqueiro: <strong>Zona de protecci\u00f3n Mari\u00f1o Costeira<\/strong> (1513.07 Has.) e <strong>Zona de Amortiguamiento Mari\u00f1o<\/strong> (16,952 Has.), as que foron definidas como zonas de aproveitamento sostible e que polo seu acceso son priorizadas polos pescadores artesanais.<\/p>\n<p><strong><u>Finalidade do Proxecto:<br \/>\n<\/u><\/strong><br \/>\n<strong>Este proxecto nace desde unha visi\u00f3n integral do Golfo, partindo das organizaci\u00f3ns non gobernamentais locais cun maior arraigamento na zona.<\/strong> O seu obxectivo de desenvolvemento \u00e9 contribu\u00edr na construci\u00f3n da integraci\u00f3n do Golfo de Fonseca desde &#8220;abaixo cara arriba&#8221;.<\/p>\n<p><strong>A maior\u00eda das acci\u00f3ns est\u00e1n orientadas ao traballo de extracci\u00f3n de recursos do mar. Coa posta en marcha do Plan de Manexo da \u00e1rea Protexida no 2007, faise necesario reorientar as actividade de pesca artesanal coa poboaci\u00f3n en funci\u00f3n de mellorar as condici\u00f3ns de vida do sector e salvagardar os recursos naturais<\/strong>, nesas condici\u00f3ns e ante a vulnerabilidade econ\u00f3mica da poboaci\u00f3n xorde a idea deste proxecto como unha necesidade urxente, para <strong>incrementar os ingresos a trav\u00e9s de procesos produtivos m\u00e1is tecnificados e unha mellor comercializaci\u00f3n<\/strong>, onde se obte\u00f1a o verdadeiro prezo dos produtos vendidos.<\/p>\n<p><img decoding=\"async\" alt=\"cosiguina-nicaragua_02.jpg\" id=\"image107\" src=\"http:\/\/amigosdaterra.net\/info\/cooperacion\/wp-content\/uploads\/2007\/08\/cosiguina-nicaragua_02.jpg\" \/><\/p>\n<p>O Proxecto: <strong>&#8220;Mellora da capacidade de pescadores artesanais para a produci\u00f3n e comercializaci\u00f3n de produtos mari\u00f1o costeiros na pen\u00ednsula de Cosig\u00fcina Nicaragua&#8221;,<\/strong> apoia instrumentos legais como a lei de pesca, o regulamento de \u00c1reas protexidas de Nicaragua, a lei de municipios entre outras. \u00c1 s\u00faa vez incl\u00fae acci\u00f3ns priorizadas no plan de Manexo da \u00e1rea protexida e artic\u00falase aos esforzos de conservaci\u00f3n do recurso mari\u00f1o costeiro en todo o golfo de Fonseca e a procura de alternativas sostibles de desenvolvemento para as comunidades que o habitan.<\/p>\n<p><strong>Para alcanzar os obxectivos executaranse 3 grandes compo\u00f1entes:<\/strong><\/p>\n<p>1)      <strong>Manexo Comunitario dos Recursos Mari\u00f1o Costeiro:<\/strong> a trav\u00e9s do proxecto incent\u00edvase o aproveitamento sostible do recurso mari\u00f1o costeiro como unha fonte alternativa de desenvolvemento para as comunidades de Cosig\u00fcina.<\/p>\n<p><img decoding=\"async\" alt=\"cosiguina-nicaragua_03.jpg\" id=\"image108\" src=\"http:\/\/amigosdaterra.net\/info\/cooperacion\/wp-content\/uploads\/2007\/08\/cosiguina-nicaragua_03.jpg\" \/><\/p>\n<p>Ap\u00f3iase o ordenamento da actividade pesqueira a trav\u00e9s da asesor\u00eda a pescadores e legalizaci\u00f3n das s\u00faas embarcaci\u00f3ns. Fortal\u00e9cense as bases locais ao redor da pesca a trav\u00e9s de capacitaci\u00f3ns, intercambios de experiencias, encontros, legalizaci\u00f3n de estruturas, distribuci\u00f3n de folletos e outros.<br \/>\nContarase co apoio do Instituto da Pesca (INPESCA), o Ministerio de Transporte e Infraestrutura (MTI), a alcald\u00eda Municipal &#8220;El Viejo&#8221;, a Mari\u00f1a do Ex\u00e9rcito Nacional, o Ministerio do Ambiente e os Recursos Naturais, a Federaci\u00f3n nicaraguana de Pescadores Artesanais (FENICPESCA) e outras entidades presentes na zona.<\/p>\n<p>2)      <strong>Co\u00f1ecemento e protecci\u00f3n dos recursos:<\/strong> transversal a todo o proxecto, e encami\u00f1ado a modificar o actual esquema de conduta dos habitantes, daranse a co\u00f1ecer os valores ambientais e o grao de perturbaci\u00f3n dos mesmos. Utilizaranse m\u00e9todos participativos de transmisi\u00f3n de co\u00f1ecementos como elaboraci\u00f3n e distribuci\u00f3n de manuais e afiches, exposici\u00f3n de resultados, encontros, intercambios e outros.<\/p>\n<p><img decoding=\"async\" alt=\"cosiguina-nicaragua_04_Guisquil.jpg\" id=\"image109\" src=\"http:\/\/amigosdaterra.net\/info\/cooperacion\/wp-content\/uploads\/2007\/08\/cosiguina-nicaragua_04_Guisquil.jpg\" \/><\/p>\n<p>Elaborarase en conxunto con CODECA no Salvador un estudo de biodiversidade, o cal pretende avaliar o estado dos recursos mari\u00f1o costeiro no golfo e con iso mapear zonas de protecci\u00f3n e explotaci\u00f3n sostibles, cotas de extracci\u00f3n e tallas viables para a extracci\u00f3n. A informaci\u00f3n obtida ser\u00e1 compartida coas comunidades e entes reitores dos tres pa\u00edses do Golfo de Fonseca e definir a partir dos encontros acciones para a conservaci\u00f3n do recurso.<\/p>\n<p>3)      <strong>Fortalecemento das bases organizativas:<\/strong> prom\u00f3vese o achegamento entre pescadores e autoridades locais e gobernamentais. O obxectivo destes eventos \u00e9 sentar as bases para a organizaci\u00f3n do sector pesqueiro e a inclusi\u00f3n do mesmo nas axendas de compromisos das entidades.<\/p>\n<p><img decoding=\"async\" alt=\"cosiguina-nicaragua_05_Cap-Guardas.jpg\" id=\"image110\" src=\"http:\/\/amigosdaterra.net\/info\/cooperacion\/wp-content\/uploads\/2007\/08\/cosiguina-nicaragua_05_Cap-Guardas.jpg\" \/><\/p>\n<p>Estes eventos de intercambio e capacitaci\u00f3n comunitaria, dar\u00e1n inicio \u00e1 formaci\u00f3n dunha uni\u00f3n de cooperativas que represente de forma m\u00e1is fortalecida aos pescadores da zona. Esta organizaci\u00f3n ser\u00eda de moita axuda para fortalecer o gremio, mellorar as condici\u00f3ns de vida dos pescadores, acopiadores e comerciantes e axudar\u00eda a levar ao sector pesqueiro \u00e1s instancias de decisi\u00f3n en canto \u00e1 administraci\u00f3n dos recursos naturais da illa.<\/p>\n<p><strong><u>Beneficiarios:<\/u><\/strong><\/p>\n<p>O proxecto beneficiar\u00e1 directamente a 350 persoas dos cales o 40% son mulleres e de forma indirecta a 720 persoas. Entre os beneficiarios at\u00f3panse pescadores artesanais de catro cooperativas en Cosig\u00fcina, mariscadores, guardaparques e entidades para a vixilancia e control, outros pescadores e estudantes da zona, as\u00ed como tam\u00e9n pescadores do Estero Real e Estero Pai Ramos.<\/p>\n<p><a title=\"Resumo Cosig\u00fcina Nicaragua\" target=\"_blank\" href=\"http:\/\/amigosdaterra.net\/info\/cooperacion\/wp-content\/uploads\/2007\/08\/Resumo_Cosiguina_Nicaragua.pdf\">Documento: proxecto Cosig\u00fcina-Nicaragua [PDF]<\/a><\/p>\n","protected":false},"excerpt":{"rendered":"<p>Mellora da capacidade dos pescadores artesanais para a produci\u00f3n e comercializaci\u00f3n de produtos mari\u00f1o costeiros na pen\u00ednsula de Cosig\u00fcina Nicaragua. Antecedentes: Nicaragua, Honduras e O Salvador compromet\u00e9ronse co desenvolvemento sostible do Golfo de Fonseca, no marco da Comisi\u00f3n Centroamericana de Ambiente e Desenvolvemento (CCAD), co obxectivo de incrementar esforzos no Golfo de Fonseca. Ata o [&hellip;]<\/p>\n","protected":false},"author":1,"featured_media":0,"parent":9,"menu_order":0,"comment_status":"open","ping_status":"open","template":"","meta":{"footnotes":""},"class_list":["post-102","page","type-page","status-publish","hentry"],"jetpack_sharing_enabled":true,"_links":{"self":[{"href":"https:\/\/amigosdaterra.net\/info\/cooperacion\/index.php?rest_route=\/wp\/v2\/pages\/102","targetHints":{"allow":["GET"]}}],"collection":[{"href":"https:\/\/amigosdaterra.net\/info\/cooperacion\/index.php?rest_route=\/wp\/v2\/pages"}],"about":[{"href":"https:\/\/amigosdaterra.net\/info\/cooperacion\/index.php?rest_route=\/wp\/v2\/types\/page"}],"author":[{"embeddable":true,"href":"https:\/\/amigosdaterra.net\/info\/cooperacion\/index.php?rest_route=\/wp\/v2\/users\/1"}],"replies":[{"embeddable":true,"href":"https:\/\/amigosdaterra.net\/info\/cooperacion\/index.php?rest_route=%2Fwp%2Fv2%2Fcomments&post=102"}],"version-history":[{"count":0,"href":"https:\/\/amigosdaterra.net\/info\/cooperacion\/index.php?rest_route=\/wp\/v2\/pages\/102\/revisions"}],"up":[{"embeddable":true,"href":"https:\/\/amigosdaterra.net\/info\/cooperacion\/index.php?rest_route=\/wp\/v2\/pages\/9"}],"wp:attachment":[{"href":"https:\/\/amigosdaterra.net\/info\/cooperacion\/index.php?rest_route=%2Fwp%2Fv2%2Fmedia&parent=102"}],"curies":[{"name":"wp","href":"https:\/\/api.w.org\/{rel}","templated":true}]}}