{"id":11,"date":"2006-01-02T20:28:09","date_gmt":"2006-01-02T19:28:09","guid":{"rendered":"http:\/\/amigosdaterra.net\/info\/cooperacion\/?page_id=11"},"modified":"2006-05-08T13:13:12","modified_gmt":"2006-05-08T12:13:12","slug":"bahia","status":"publish","type":"page","link":"https:\/\/amigosdaterra.net\/info\/cooperacion\/?page_id=11","title":{"rendered":"Bah\u00eda"},"content":{"rendered":"<p><strong>Desenvolvemento de acci\u00f3ns de manexo na \u00c1rea Natural Bah\u00eda de La Uni\u00f3n, Golfo de Fonseca<\/strong><\/p>\n<p>O proxeto \u201cDesenvolvemento de acci\u00f3ns de manexo na \u00e1rea natural Bah\u00eda de La Uni\u00f3n, Golfo de Fonseca\u201d ten como finalidade \u201cConservaci\u00f3n e o manexo sostible dos recursos mari\u00f1os costeiros da Bah\u00eda de La Uni\u00f3n Golfo de Fonseca\u201d, mediante a execuci\u00f3n de acci\u00f3ns prioritarias do plan de manexo, rec\u00e9n formulado co apoio t\u00e9cnico \u2013 financieiro da AECI, coherentes cos obxectivos e categor\u00eda de manexo definidas para a \u00e1rea protexida.<\/p>\n<p>O territorio da Bah\u00eda da Uni\u00f3n e illas do Golfo de Fonseca pertencen \u00f3 departamento da Uni\u00f3n e adscr\u00edbense pol\u00edtica e administrativamente \u00f3s concellos de Pasaquina, San Alejo, La Uni\u00f3n, Conchagua e Meanguera del Golfo. Os concellos \u00e1 s\u00faa vez div\u00eddense en cant\u00f3ns e caser\u00edos.<\/p>\n<p>O proxecto actuar\u00e1 no sector medioambiental do Golfo de Fonseca 5,858 hect\u00e1reas de bosque salgado que se viu afectado pola tala indiscriminada dos bosques salgados (segundo Nestor Herrera, Corredor Biol\u00f3gico Centroamericano, destr\u00faense un promedio 100 ha anuais de manglares); este \u00e9 o h\u00e1bitat natural das especies mari\u00f1as de grande valor nutritivo e comercial (punches, cangarexos, conchas, curiles, peixes, camar\u00f3ns entre outros e non so estas especies se ven afectadas, sen\u00f3n, outras especies como as aves, garrobos e iguanas, mapaches, rept\u00eds etc). Nesta din\u00e1mica o home conv\u00edrtese en causa e efecto xa que \u00f3 talar os bosques salgados destr\u00fae o h\u00e1bitat das especies de onde extrae os produtos de onde obten os seus ingresos.<\/p>\n<p>A situaci\u00f3n ambiental de El Salvador \u00e9 alarmante, particularmente o grao de deterioro das \u00e1reas naturais, xa que s\u00f3 o 2% do territorio nacional conserva a\u00ednda os seus bosques orixinais. De continuar as tendencias actuais, nunha ou d\u00faas d\u00e9cadas o deterioro ser\u00e1 irreversible e El Salvador ter\u00e1 perdido o pouco patrimonio natural que a\u00ednda conserva (Moore et. Al. 1997, en PROARCA \/ Costas 2001)<\/p>\n<p>A \u00e1rea natural da bah\u00eda da Uni\u00f3n e illas do Golfo de Fonseca at\u00f3pase ubicada na rexi\u00f3n oriental do Salvador, no Golfo de Fonseca, e pertence \u00e1s rexi\u00f3ns hidrogr\u00e1ficas da Cuenca do r\u00edo Goascor\u00e1n (compartida con Honduras) e \u00e1 rexi\u00f3n hidrogr\u00e1fica comprendida entre os r\u00edos Grande de San Miguel e Goascor\u00e1n (EPYPSA\/IBERINSA 2004).<\/p>\n<p>O proxecto beneficiar\u00e1 directamente a 300 produtores, estudiantes e funcionarios (109 mulleres e 191 homes) dos seguintes cant\u00f3ns, que son parte da zona de amortiguamento da \u00e1rea natural: Tabl\u00f3n, Los Jiotes, Cercos de Piedra, G\u00fcisquil, Barrancones, Mogotillo, Piedras Blancas e Sirama.<\/p>\n<p>Para conquerir os obxectivos plantexados executaranse 4 grandes compo\u00f1entes, e en cada un deles incl\u00faense un conxunto de actividades espec\u00edficas:<\/p>\n<p>1) <strong>Educaci\u00f3n Ambiental<\/strong>; transversal a todo o proxecto, e encami\u00f1ado a modificar o actual esquema de conduta dos habitantes que fan uso dos recursos mari\u00f1o costeiros do Golfo, baseado nun proceso de trasmisi\u00f3n de co\u00f1ecementos, con m\u00e9todos participativos, te\u00f3ricos-pr\u00e1cticos; os temas centrais ser\u00e1n  os contidos principais do Plan de Manexo  e  a rec\u00e9n aprobada Lei de \u00c1reas Naturais Protexidas. Para a execuci\u00f3n deste compo\u00f1ente conformarase un equipo de traballo coa participaci\u00f3n de  t\u00e9cnicos do Ministerio do Medio Ambiente e Recursos Naturais MARN, a Polic\u00eda Nacional Civil divisi\u00f3n do Medio Ambiente PNC DA, CENDEPESCA e CODECA; este equipo avaliar\u00e1 os contidos, o m\u00e9todo, os materiais e recoller\u00e1n e interpretar\u00e1n as opini\u00f3ns dos participantes. Reproduciranse os documentos e entregar\u00e1nselles a cada un dos asistentes. Nos grupos participantes neste compo\u00f1ente at\u00f3pase a poboaci\u00f3n estudiantil de educaci\u00f3n b\u00e1sica (de 7\u00b0 a 9\u00b0 grado) de 3 centros escolares; 30 funcionarios locais de nivel municipal e departamental e pescadores artesanais da zona.<\/p>\n<p>2) <strong>Vixilancia e control dos recursos naturais<\/strong>: Elaborarase e implementarase, na s\u00faa primeira fase, un sistema de control e vixiancia da \u00c1rea Natural Protexida zona dos manglares. En primeira instancia efectuarase un primeiro achegamento da ubicaci\u00f3n actual do per\u00edmetro da zona dos manglares, base\u00e1ndonos nos rexistros actuais do catastro, coa participaci\u00f3n das comunidades. Posteriormente, e sobre os resultados da etapa anterior, realizarase unha sinalizaci\u00f3n con boias, alambrados e mojones, o que permitir\u00e1 identificar claramente as beiras mar\u00edtimas que pertencen \u00e1 unidade. A sinalizaci\u00f3n do per\u00edmetro ser\u00e1 completada coa rotulaci\u00f3n das \u00e1reas que deber\u00e1n ser protexidas de xeito inmediato pola s\u00faa importancia e o seu nivel de deterioro; para iso instalaranse carteis con mensaxes de orientaci\u00f3n, preventiva e educativa relacionados coas especies e as restrici\u00f3ns da zona. Tam\u00e9n se dise\u00f1ar\u00e1n as rutas de control e vixiancia, os seus tempos de percorrido, puntos cr\u00edticos, lugares de pernoctaci\u00f3n, ubicar onde funcionar\u00edan as casetas de control e a cantidade que requerir\u00eda de garda parques para a proteci\u00f3n. Cont\u00e9mplase un plan de capacitaci\u00f3n a 25 potenciais garda parques, que ser\u00e1n selecionados dos mozos destacados das comunidades co apoio das Asociaci\u00f3ns de Desenvolvemento comunal. Todo este esforzo realizarase coa participaci\u00f3n activa e decisiva das Xuntas directivas das Asociaci\u00f3ns Comunais que son os que co\u00f1ecen de mellor xeito a zona e a s\u00faa historia.<\/p>\n<p>3) <strong>Xesti\u00f3n Participativa dos Recursos Naturais<\/strong>; promoverase a organizaci\u00f3n comunitaria local, co obxectivo de crear unha estrutura de participaci\u00f3n no manexo da \u00c1rea Protexida. Para tal efecto realizaranse asembleas comunais en 8 cant\u00f3ns e caser\u00edos para a elecci\u00f3n de representantes para a conformaci\u00f3n, reglamentaci\u00f3n e funcionamento do Comit\u00e9 Asesor Local (CAL), figura establecida na rec\u00e9n aprobada lei de \u00c1reas Naturais Protexidas. Este organismo deber\u00e1 estar constitu\u00eddo por representaci\u00f3n do MARN, alcald\u00edas municipais, ONGs e as Asociaci\u00f3ns de Desenvolvemento Comunais, e definiranse os fins, funci\u00f3ns e atribuci\u00f3ns.<\/p>\n<p>4) <strong>Promoci\u00f3n da xesti\u00f3n sostible dos recursos pesqueiros<\/strong>, co obxectivo de iniciar o proceso de diminuci\u00f3n da sobre explotaci\u00f3n dos recursos pesqueiros e a mellora das condici\u00f3ns produtivas do sector pesqueiro da zona (actividade econ\u00f3mica maioritaria na zona do proxecto). En primeira instancia realizarase un censo produtivo \u00f3s poboadores que realizan actividades de pesca, onde se rexistren as t\u00e9cnicas e ferramentas que \u00e9stes usan nas s\u00faas actividades extractivas. Isto permitir\u00e1 identificar as pr\u00e1cticas e o alcance que \u00e9stas te\u00f1en. Sobre a base deste estudo, formularase un Manual de boas pr\u00e1cticas de pesca, que ser\u00e1 divulgado e interiorizado polo grupo de pescadores beneficiados; posteriormente, e como inicio do proceso de reconversi\u00f3n do sector, crearase un Fondo para a pesca sostible, que funcionar\u00e1 como un fondo revolvente, e que financiar\u00e1 \u00f3s pescadores con disposici\u00f3n de modificar t\u00e9cnicas de pesca inadecuadas cara mellores pr\u00e1cticas. Finalmente, e durante todo o proxecto, fomentarase a organizaci\u00f3n de pescadores e comercializadoras que permita mellorar as condici\u00f3ns da actividade.<\/p>\n","protected":false},"excerpt":{"rendered":"<p>Desenvolvemento de acci\u00f3ns de manexo na \u00c1rea Natural Bah\u00eda de La Uni\u00f3n, Golfo de Fonseca O proxeto \u201cDesenvolvemento de acci\u00f3ns de manexo na \u00e1rea natural Bah\u00eda de La Uni\u00f3n, Golfo de Fonseca\u201d ten como finalidade \u201cConservaci\u00f3n e o manexo sostible dos recursos mari\u00f1os costeiros da Bah\u00eda de La Uni\u00f3n Golfo de Fonseca\u201d, mediante a execuci\u00f3n [&hellip;]<\/p>\n","protected":false},"author":1,"featured_media":0,"parent":9,"menu_order":0,"comment_status":"closed","ping_status":"closed","template":"","meta":{"footnotes":""},"class_list":["post-11","page","type-page","status-publish","hentry"],"jetpack_sharing_enabled":true,"_links":{"self":[{"href":"https:\/\/amigosdaterra.net\/info\/cooperacion\/index.php?rest_route=\/wp\/v2\/pages\/11","targetHints":{"allow":["GET"]}}],"collection":[{"href":"https:\/\/amigosdaterra.net\/info\/cooperacion\/index.php?rest_route=\/wp\/v2\/pages"}],"about":[{"href":"https:\/\/amigosdaterra.net\/info\/cooperacion\/index.php?rest_route=\/wp\/v2\/types\/page"}],"author":[{"embeddable":true,"href":"https:\/\/amigosdaterra.net\/info\/cooperacion\/index.php?rest_route=\/wp\/v2\/users\/1"}],"replies":[{"embeddable":true,"href":"https:\/\/amigosdaterra.net\/info\/cooperacion\/index.php?rest_route=%2Fwp%2Fv2%2Fcomments&post=11"}],"version-history":[{"count":0,"href":"https:\/\/amigosdaterra.net\/info\/cooperacion\/index.php?rest_route=\/wp\/v2\/pages\/11\/revisions"}],"up":[{"embeddable":true,"href":"https:\/\/amigosdaterra.net\/info\/cooperacion\/index.php?rest_route=\/wp\/v2\/pages\/9"}],"wp:attachment":[{"href":"https:\/\/amigosdaterra.net\/info\/cooperacion\/index.php?rest_route=%2Fwp%2Fv2%2Fmedia&parent=11"}],"curies":[{"name":"wp","href":"https:\/\/api.w.org\/{rel}","templated":true}]}}