{"id":14,"date":"2006-01-02T20:48:14","date_gmt":"2006-01-02T19:48:14","guid":{"rendered":"http:\/\/amigosdaterra.net\/info\/cooperacion\/?page_id=14"},"modified":"2008-12-04T11:13:54","modified_gmt":"2008-12-04T10:13:54","slug":"comercio-xusto","status":"publish","type":"page","link":"https:\/\/amigosdaterra.net\/info\/cooperacion\/?page_id=14","title":{"rendered":"Comercio Xusto"},"content":{"rendered":"<p>O Comercio Xusto \u00e9 un movemento internacional que reclama e promove unhas relaci\u00f3ns comerciais m\u00e1is xustas entre o norte e o sur, xa que, ademais de empregar criterios econ\u00f3micos, te\u00f1en en conta valores \u00e9ticos que abarquen aspectos tanto sociais como ecol\u00f3xicos.<\/p>\n<p><img decoding=\"async\" src=\"http:\/\/www.amigosdaterra.net\/info\/cooperacion\/wp-content\/info\/images\/05_Productos-01.jpg\" alt=\"Comercio Xusto\" \/><\/p>\n<p>O Comercio Xusto tr\u00e1tase de productos elaborados por grupos desfavorecidos de pa\u00edses en v\u00edas de desenvolvemento e que comprenden diferentes sectores, dende alimentaci\u00f3n ata unha gama ampla de obxectos de regalo fabricados de forma artesanal.<\/p>\n<p>A primeira tenda de Comercio Xusto abriuse en 1969 en Holanda e de a\u00ed expandiuse por os Pa\u00edses Baixos, Alemania, Suiza, Austria, Francia, Suecia, Gran Breta\u00f1a e B\u00e9lxica, e ata 1986 abrir\u00f3nse as primeiras duas tendas en Espa\u00f1a (Andaluc\u00eda e Pa\u00eds Vasco). En 1990, despois de dez anos de cooperaci\u00f3n informal naceu a European Fair Trade Association (EFTA ou Asociaci\u00f3n Europea de Comercio Xusto).<\/p>\n<p><strong>Principios nos produtos de comercio xusto<\/strong><\/p>\n<ul>\n<li>1. Garant\u00eda de salarios que permiten ter unha vida digna.<\/li>\n<li>2. Non hai explotaci\u00f3n infantil.<\/li>\n<li>3. Os homes e as mulleres cobran igual salario.<\/li>\n<li>4. Establ\u00e9cese unha relaci\u00f3n a longo prazo e real\u00edzanse pagos por adiantado o que permite planificar con seguridade.<\/li>\n<li>5. Os productores adican unha parte dos beneficios a necesidades da comunidade (sa\u00fade, educaci\u00f3n, formaci\u00f3n, etc&#8230;)<\/li>\n<li>6. Resp\u00e9ctase o medio ambiente.<\/li>\n<li>7. Reduci\u00f3n da cadea de intermediarios.<\/li>\n<\/ul>\n<p><img decoding=\"async\" src=\"http:\/\/www.amigosdaterra.net\/info\/cooperacion\/wp-content\/info\/images\/05_Productos-02.jpg\" alt=\"Comercio Xusto\" \/><\/p>\n<p><strong>Suxeitos que interve\u00f1en no comercio xusto<\/strong><\/p>\n<p>No comercio Xusto interve\u00f1en tres suxeitos econ\u00f3micos:<\/p>\n<ul>\n<li>O pequeno Produtor Asociado do sur, que se une a un proxecto de econom\u00eda alternativa.<\/li>\n<li>O Mediador &#8211; Facilitador, que distrib\u00fae os produtos no chamado primeiro mundo sen \u00e1nimo de lucro.<\/li>\n<li>O consumidor responsable do Norte que, consciente do seu poder de compra, est\u00e1 disposto a pagar un sobreprezo por un produto elaborado con dignidade e de excelente calidade.<\/li>\n<\/ul>\n<p><img decoding=\"async\" src=\"http:\/\/www.amigosdaterra.net\/info\/cooperacion\/wp-content\/info\/images\/05_Productos-03.jpg\" alt=\"Comercio Xusto\" \/><\/p>\n<p><strong>TENDAS EN GALICIA<\/strong><\/p>\n<p>As tendas de Comercio Xusto en Galicia son:<\/p>\n<p><strong>A Coru\u00f1a<\/strong><br \/>\n<font color=\"#008000\">Interm\u00f3n Oxfam<\/font><br \/>\nC\/Estrecha de San Andr\u00e9s, 12<br \/>\n15003 A Coru\u00f1a<br \/>\nTlfno. 981 207925<br \/>\n<a href=\"http:\/\/www.intermonoxfam.org\/\">www.intermonoxfam.org<\/a><\/p>\n<p><strong>Lugo<\/strong><br \/>\n<font color=\"#008000\">A Cova da Terra<\/font><br \/>\nR\u00faa N\u00f3reas, 12 baixo.<br \/>\n27001 Lugo<br \/>\nTfno. 982 230211<\/p>\n<p><strong>Santiago de Compostela<\/strong><br \/>\n<font color=\"#008000\">Panxea<\/font><br \/>\nR\u00faa G\u00f3mez Ulla 4.<br \/>\n15702 Santiago de Compostela<br \/>\nTfno. 981 590081. panxea@panxea.org<\/p>\n<p><font color=\"#008000\">Centro de Recursos de Amarante en Santiago de Compostela<\/font><br \/>\nPraza Sof\u00eda, 4. 15705 Santiago de Compostela.<\/p>\n<p><strong>Ourense<\/strong><br \/>\n<font color=\"#008000\">Solidaridade Internacional<\/font><br \/>\nR\u00faa da Paz, n\u00ba8, Ourense.<\/p>\n<p><strong>Pontevedra<\/strong><br \/>\n<font color=\"#008000\">A Factoria do sur. Centro Alternativo<\/font><br \/>\nR\u00faa do Ponte, 8. Pontevedra.<\/p>\n<p><strong>Vigo<\/strong><br \/>\n<font color=\"#008000\">Centro Crisol<\/font><br \/>\nAvda. das Camelias, 14. 36202. Vigo.<\/p>\n<p><strong>TAM\u00c9N PODES MERCAR COMERCIO XUSTO EN: <\/strong><\/p>\n<p><font color=\"#008000\">Arbore &#8211; Cooperativa de Consumo<\/font><br \/>\nR\u00faa A. P\u00e9rez Bellas, 5, 36211. Vigo.<br \/>\nTlfno. 986 233497<br \/>\narborecop@mixmail.com<\/p>\n<p><font color=\"#008000\">Enxebre &#8211; Agricultura Ecol\u00f3xica<\/font><br \/>\nR\u00faa Os durans, 8 Vilagarcia Tlfno: 986\/502151- 660542303<\/p>\n<p><font color=\"#008000\">Hortasan &#8211; Agricultura do Ulla<\/font><br \/>\nMercado de Abastos, R\u00faa Serra, Pontevedra<br \/>\nTlfno: 650 418099<\/p>\n","protected":false},"excerpt":{"rendered":"<p>O Comercio Xusto \u00e9 un movemento internacional que reclama e promove unhas relaci\u00f3ns comerciais m\u00e1is xustas entre o norte e o sur, xa que, ademais de empregar criterios econ\u00f3micos, te\u00f1en en conta valores \u00e9ticos que abarquen aspectos tanto sociais como ecol\u00f3xicos. O Comercio Xusto tr\u00e1tase de productos elaborados por grupos desfavorecidos de pa\u00edses en v\u00edas [&hellip;]<\/p>\n","protected":false},"author":1,"featured_media":0,"parent":0,"menu_order":5,"comment_status":"closed","ping_status":"closed","template":"","meta":{"footnotes":""},"class_list":["post-14","page","type-page","status-publish","hentry"],"jetpack_sharing_enabled":true,"_links":{"self":[{"href":"https:\/\/amigosdaterra.net\/info\/cooperacion\/index.php?rest_route=\/wp\/v2\/pages\/14","targetHints":{"allow":["GET"]}}],"collection":[{"href":"https:\/\/amigosdaterra.net\/info\/cooperacion\/index.php?rest_route=\/wp\/v2\/pages"}],"about":[{"href":"https:\/\/amigosdaterra.net\/info\/cooperacion\/index.php?rest_route=\/wp\/v2\/types\/page"}],"author":[{"embeddable":true,"href":"https:\/\/amigosdaterra.net\/info\/cooperacion\/index.php?rest_route=\/wp\/v2\/users\/1"}],"replies":[{"embeddable":true,"href":"https:\/\/amigosdaterra.net\/info\/cooperacion\/index.php?rest_route=%2Fwp%2Fv2%2Fcomments&post=14"}],"version-history":[{"count":0,"href":"https:\/\/amigosdaterra.net\/info\/cooperacion\/index.php?rest_route=\/wp\/v2\/pages\/14\/revisions"}],"wp:attachment":[{"href":"https:\/\/amigosdaterra.net\/info\/cooperacion\/index.php?rest_route=%2Fwp%2Fv2%2Fmedia&parent=14"}],"curies":[{"name":"wp","href":"https:\/\/api.w.org\/{rel}","templated":true}]}}