{"id":16,"date":"2006-01-02T21:03:24","date_gmt":"2006-01-02T20:03:24","guid":{"rendered":"http:\/\/amigosdaterra.net\/info\/cooperacion\/?page_id=16"},"modified":"2006-05-25T09:23:38","modified_gmt":"2006-05-25T08:23:38","slug":"16","status":"publish","type":"page","link":"https:\/\/amigosdaterra.net\/info\/cooperacion\/?page_id=16","title":{"rendered":"Manifiesto"},"content":{"rendered":"<p><a target=\"_blank\" href=\"http:\/\/www.pobrezacero.org\/\"><img decoding=\"async\" alt=\"Pobreza Cero\" src=\"http:\/\/www.amigosdaterra.net\/info\/cooperacion\/wp-content\/info\/images\/06_banner.gif\" \/><\/a><\/p>\n<p><strong>MANIFIESTO DE CAMPA\u00d1A<\/strong><\/p>\n<p>M\u00e1is de 400 ONGD federadas na CONGDE e nas s\u00faas COORDINADORAS AUTON\u00d3MICAS FEDERADAS, e outros actores representativos da sociedade civil espa\u00f1ola, en estreita coordinaci\u00f3n coas organizaci\u00f3ns e movementos sociais de m\u00e1is de 100 pa\u00edses que realizamos conxuntamente a \u201cChamada Global para actuar contra a pobreza\u201d \u00f3 longo de todo o ano 2005,<\/p>\n<p><strong>SUMANDO AS NOSAS VOCES MANIFESTAMOS:<\/strong><\/p>\n<p><strong>QUE<\/strong> a persistencia da pobreza e a desigualdade no mundo de hoxe non se pode xustificar. A pesares dos esforzos realizados durante d\u00e9cadas, a fenda entre ricos e pobres segue aumentando. Hoxe, m\u00e1is de 3.000 mill\u00f3ns de persoas carecen dunha vida digna a causa da pobreza. Fame, SIDA, analfabetismo, discriminaci\u00f3n de mulleres e nenas, depredaci\u00f3n da natureza, desigual acceso \u00e1 tecnolox\u00eda, desprazamentos masivos a causa dos conflitos, migraci\u00f3ns provocadas pola falla de equidade na distribuci\u00f3n da riqueza a nivel internacional\u2026 Son as diferentes caras dun mesmo problema: a situaci\u00f3n de inxustiza que sofre a maior parte da poboaci\u00f3n mundial.<\/p>\n<p><strong>QUE<\/strong> o desenvolvemento sostible no planeta est\u00e1 seriamente ameazado porque unha quinta parte da poboaci\u00f3n mundial consume irresponsablemente, coa consecuente sobrexplotaci\u00f3n dos recursos naturais.<\/p>\n<p><strong>QUE<\/strong> as raz\u00f3ns da desigualdade e a pobreza at\u00f3panse no xeito en que os seres humanos organizamos a nosa actividade pol\u00edtica e econ\u00f3mica. O comercio internacional e a especulaci\u00f3n financeira que privilexia \u00e1s econom\u00edas m\u00e1is poderosas, unha d\u00e9beda externa asfixiante e inxusta para moitos pa\u00edses empobrecidos, as\u00ed como un sistema de axuda internacional escaso e descoordinado fan que a situaci\u00f3n actual sexa insostible.<\/p>\n<p><strong>QUE<\/strong> para lograr a eficacia das pol\u00edticas de Desenvolvemento Internacional, o Desenvolvemento Humano Sostible e Bens P\u00fablicos Globais \u00e9 imprescindible avanzar na consecuci\u00f3n dun goberno global democr\u00e1tico e participativo.<\/p>\n<p><strong>QUE<\/strong> o crecemento econ\u00f3mico espectacular xerado nos \u00faltimos a\u00f1os non ten contribu\u00eddo a garantir os dereitos humanos nin a mellorar as condici\u00f3ns de vida en todas as rexi\u00f3ns do mundo, nin para todas as persoas sexa cal sexa a s\u00faa condici\u00f3n, x\u00e9nero, raza ou cultura. M\u00e1is ben \u00f3 contrario, ten aumentado a desigualdade e a inxustiza at\u00e9 cotas escandalosas. O cami\u00f1o da paz pasa por loitar contra a pobreza e a falla de equidade.<\/p>\n<p><strong>QUE<\/strong> loitar contra a pobreza, nas s\u00faas distintas dimensi\u00f3ns, significa actuar contra a exclusi\u00f3n das persoas, a favor das garant\u00edas dos seus dereitos econ\u00f3micos, sociais e culturais que se traducen en protecci\u00f3n, traballo digno, renda, sa\u00fade e educaci\u00f3n, poder, voz, medios de vida, en condici\u00f3ns de igualdade. \u00c9 un compromiso irrenunciable e impostergable: toda a sociedade no seu conxunto \u00e9 responsable da s\u00faa consecuci\u00f3n.<br \/>\nPOR TODO ISO fanse eco do compromiso adquirido polos Gobernos e Estados asinantes da Declaraci\u00f3n do Milenio de Naci\u00f3ns Unidas no ano 2000, respecto \u00f3 cumprimento dos Obxectivos de Desenvolvemento do Milenio, como un primeiro paso, para erradicar a fame e a pobreza.<\/p>\n<p><strong>SOLICITAMOS:<\/strong><\/p>\n<ul>\n<li><strong>M\u00c1IS AXUDA<\/strong> oficial \u00f3 desenvolvemento, priorizando \u00f3s sectores sociais b\u00e1sicos, at\u00e9 alcanzar o compromiso do 0,7%.<\/li>\n<li><strong>MELLO AXUDA<\/strong>, desligada de intereses comerciais, orientada \u00f3s pa\u00edses m\u00e1is pobres e coherente cos Obxectivos do Milenio.<\/li>\n<li><strong>M\u00c1IS COHERENCIA<\/strong> nas diferentes pol\u00edticas dos nosos gobernos para que todas elas contrib\u00faan \u00e1 erradicaci\u00f3n da pobreza.<\/li>\n<li><strong>CANCELAR A D\u00c9BEDA IMPAGABLE:<\/strong> os pa\u00edses ricos, o Banco Mundial e o FMI deben cancelar o 100% da d\u00e9beda dos pa\u00edses m\u00e1is pobres.<\/li>\n<li><strong>D\u00c9BEDA POR DESENVOLVEMENTO:<\/strong> investir os recursos liberados pola cancelaci\u00f3n da d\u00e9beda dos pa\u00edses empobrecidos para alcanzar os Obxectivos do Milenio.<\/li>\n<li><strong>CAMBIAR AS NORMAS DO COMERCIO<\/strong> internacional que privilexian \u00f3s pa\u00edses ricos e \u00f3s seus negocios e impiden \u00f3s gobernos dos pa\u00edses empobrecidos decidir como loitar contra a pobreza e protexer o medio ambiente.<\/li>\n<li><strong>ELIMINAR AS SUBVENCI\u00d3NS<\/strong> que permiten exportar os produtos dos pa\u00edses ricos por debaixo do prezo de costo de produci\u00f3n, danando o sustento das comunidades rurais nos pa\u00edses empobrecidos.<\/li>\n<li><strong>PROTEXER OS SERVIZOS P\u00daBLICOS<\/strong> de liberalizaci\u00f3ns e privatizaci\u00f3ns co fin de asegurar os dereitos \u00e1 alimentaci\u00f3n, e de acceso \u00e1 auga potable e a medicamentos esenciais.<\/li>\n<li><strong>FAVORECER O ACCESO \u00c1 TECNOLOX\u00cdA<\/strong> por parte dos pa\u00edses menos desenvolvidos, dacordo \u00e1s s\u00faas necesidades, para que poidan disfrutar dos seus beneficios.<\/li>\n<\/ul>\n","protected":false},"excerpt":{"rendered":"<p>MANIFIESTO DE CAMPA\u00d1A M\u00e1is de 400 ONGD federadas na CONGDE e nas s\u00faas COORDINADORAS AUTON\u00d3MICAS FEDERADAS, e outros actores representativos da sociedade civil espa\u00f1ola, en estreita coordinaci\u00f3n coas organizaci\u00f3ns e movementos sociais de m\u00e1is de 100 pa\u00edses que realizamos conxuntamente a \u201cChamada Global para actuar contra a pobreza\u201d \u00f3 longo de todo o ano 2005, [&hellip;]<\/p>\n","protected":false},"author":1,"featured_media":0,"parent":15,"menu_order":0,"comment_status":"closed","ping_status":"closed","template":"","meta":{"footnotes":""},"class_list":["post-16","page","type-page","status-publish","hentry"],"jetpack_sharing_enabled":true,"_links":{"self":[{"href":"https:\/\/amigosdaterra.net\/info\/cooperacion\/index.php?rest_route=\/wp\/v2\/pages\/16","targetHints":{"allow":["GET"]}}],"collection":[{"href":"https:\/\/amigosdaterra.net\/info\/cooperacion\/index.php?rest_route=\/wp\/v2\/pages"}],"about":[{"href":"https:\/\/amigosdaterra.net\/info\/cooperacion\/index.php?rest_route=\/wp\/v2\/types\/page"}],"author":[{"embeddable":true,"href":"https:\/\/amigosdaterra.net\/info\/cooperacion\/index.php?rest_route=\/wp\/v2\/users\/1"}],"replies":[{"embeddable":true,"href":"https:\/\/amigosdaterra.net\/info\/cooperacion\/index.php?rest_route=%2Fwp%2Fv2%2Fcomments&post=16"}],"version-history":[{"count":0,"href":"https:\/\/amigosdaterra.net\/info\/cooperacion\/index.php?rest_route=\/wp\/v2\/pages\/16\/revisions"}],"up":[{"embeddable":true,"href":"https:\/\/amigosdaterra.net\/info\/cooperacion\/index.php?rest_route=\/wp\/v2\/pages\/15"}],"wp:attachment":[{"href":"https:\/\/amigosdaterra.net\/info\/cooperacion\/index.php?rest_route=%2Fwp%2Fv2%2Fmedia&parent=16"}],"curies":[{"name":"wp","href":"https:\/\/api.w.org\/{rel}","templated":true}]}}