{"id":4,"date":"2005-12-29T20:17:39","date_gmt":"2005-12-29T19:17:39","guid":{"rendered":"http:\/\/amigosdaterra.net\/info\/cooperacion\/?page_id=4"},"modified":"2006-01-03T19:42:28","modified_gmt":"2006-01-03T18:42:28","slug":"desenvolvemento","status":"publish","type":"page","link":"https:\/\/amigosdaterra.net\/info\/cooperacion\/?page_id=4","title":{"rendered":"\u00bfQu\u00e9 \u00e9 a cooperaci\u00f3n ao desenvolvemento?"},"content":{"rendered":"<p><img decoding=\"async\" src=\"http:\/\/www.amigosdaterra.net\/info\/cooperacion\/wp-content\/info\/images\/01_Guatuzo.jpg\" alt=\"Os Guatuzos - Nicaragua\" \/><\/p>\n<p>A cooperaci\u00f3n internacional ao desenvolvemento entendida dende Amigos da Terra, ten como finalidade a busca das capacidades locais e un maior respecto \u00f3 medio ambiente. O fin \u00faltimo da cooperaci\u00f3n \u00e9 reverter a situaci\u00f3n das comunidades que sofren condici\u00f3ns de exclusi\u00f3n e extrema pobreza.<\/p>\n<p><img decoding=\"async\" src=\"http:\/\/amigosdaterra.net\/info\/cooperacion\/wp-content\/themes\/cooperacion\/images\/icon_win_PDF-01.png\" alt=\"Documento PDF\" \/><a href=\"http:\/\/www.amigosdaterra.net\/info\/cooperacion\/wp-content\/info\/arquivos\/01_cooperacion_Adt-01.pdf\" target=\"_blank\">Documento Cooperaci\u00f3n en Amigos da Terra PDF 171 KB<\/a><\/p>\n","protected":false},"excerpt":{"rendered":"<p>A cooperaci\u00f3n internacional ao desenvolvemento entendida dende Amigos da Terra, ten como finalidade a busca das capacidades locais e un maior respecto \u00f3 medio ambiente. O fin \u00faltimo da cooperaci\u00f3n \u00e9 reverter a situaci\u00f3n das comunidades que sofren condici\u00f3ns de exclusi\u00f3n e extrema pobreza. Documento Cooperaci\u00f3n en Amigos da Terra PDF 171 KB<\/p>\n","protected":false},"author":1,"featured_media":0,"parent":0,"menu_order":1,"comment_status":"closed","ping_status":"closed","template":"","meta":{"footnotes":""},"class_list":["post-4","page","type-page","status-publish","hentry"],"jetpack_sharing_enabled":true,"_links":{"self":[{"href":"https:\/\/amigosdaterra.net\/info\/cooperacion\/index.php?rest_route=\/wp\/v2\/pages\/4","targetHints":{"allow":["GET"]}}],"collection":[{"href":"https:\/\/amigosdaterra.net\/info\/cooperacion\/index.php?rest_route=\/wp\/v2\/pages"}],"about":[{"href":"https:\/\/amigosdaterra.net\/info\/cooperacion\/index.php?rest_route=\/wp\/v2\/types\/page"}],"author":[{"embeddable":true,"href":"https:\/\/amigosdaterra.net\/info\/cooperacion\/index.php?rest_route=\/wp\/v2\/users\/1"}],"replies":[{"embeddable":true,"href":"https:\/\/amigosdaterra.net\/info\/cooperacion\/index.php?rest_route=%2Fwp%2Fv2%2Fcomments&post=4"}],"version-history":[{"count":0,"href":"https:\/\/amigosdaterra.net\/info\/cooperacion\/index.php?rest_route=\/wp\/v2\/pages\/4\/revisions"}],"wp:attachment":[{"href":"https:\/\/amigosdaterra.net\/info\/cooperacion\/index.php?rest_route=%2Fwp%2Fv2%2Fmedia&parent=4"}],"curies":[{"name":"wp","href":"https:\/\/api.w.org\/{rel}","templated":true}]}}